{"id":6219,"date":"2024-03-21T23:42:11","date_gmt":"2024-03-22T03:42:11","guid":{"rendered":"https:\/\/kingschair.ca\/?page_id=6219"},"modified":"2025-06-08T03:59:02","modified_gmt":"2025-06-08T07:59:02","slug":"download-our-app","status":"publish","type":"page","link":"https:\/\/kingschair.ca\/fr\/telechargez-notre-application\/","title":{"rendered":"T\u00e9l\u00e9chargez notre application"},"content":{"rendered":"<div data-elementor-type=\"wp-page\" data-elementor-id=\"6219\" class=\"elementor elementor-6219\" data-elementor-settings=\"{&quot;element_pack_global_tooltip_width&quot;:{&quot;unit&quot;:&quot;px&quot;,&quot;size&quot;:&quot;&quot;,&quot;sizes&quot;:[]},&quot;element_pack_global_tooltip_width_tablet&quot;:{&quot;unit&quot;:&quot;px&quot;,&quot;size&quot;:&quot;&quot;,&quot;sizes&quot;:[]},&quot;element_pack_global_tooltip_width_mobile&quot;:{&quot;unit&quot;:&quot;px&quot;,&quot;size&quot;:&quot;&quot;,&quot;sizes&quot;:[]},&quot;element_pack_global_tooltip_padding&quot;:{&quot;unit&quot;:&quot;px&quot;,&quot;top&quot;:&quot;&quot;,&quot;right&quot;:&quot;&quot;,&quot;bottom&quot;:&quot;&quot;,&quot;left&quot;:&quot;&quot;,&quot;isLinked&quot;:true},&quot;element_pack_global_tooltip_padding_tablet&quot;:{&quot;unit&quot;:&quot;px&quot;,&quot;top&quot;:&quot;&quot;,&quot;right&quot;:&quot;&quot;,&quot;bottom&quot;:&quot;&quot;,&quot;left&quot;:&quot;&quot;,&quot;isLinked&quot;:true},&quot;element_pack_global_tooltip_padding_mobile&quot;:{&quot;unit&quot;:&quot;px&quot;,&quot;top&quot;:&quot;&quot;,&quot;right&quot;:&quot;&quot;,&quot;bottom&quot;:&quot;&quot;,&quot;left&quot;:&quot;&quot;,&quot;isLinked&quot;:true},&quot;element_pack_global_tooltip_border_radius&quot;:{&quot;unit&quot;:&quot;px&quot;,&quot;top&quot;:&quot;&quot;,&quot;right&quot;:&quot;&quot;,&quot;bottom&quot;:&quot;&quot;,&quot;left&quot;:&quot;&quot;,&quot;isLinked&quot;:true},&quot;element_pack_global_tooltip_border_radius_tablet&quot;:{&quot;unit&quot;:&quot;px&quot;,&quot;top&quot;:&quot;&quot;,&quot;right&quot;:&quot;&quot;,&quot;bottom&quot;:&quot;&quot;,&quot;left&quot;:&quot;&quot;,&quot;isLinked&quot;:true},&quot;element_pack_global_tooltip_border_radius_mobile&quot;:{&quot;unit&quot;:&quot;px&quot;,&quot;top&quot;:&quot;&quot;,&quot;right&quot;:&quot;&quot;,&quot;bottom&quot;:&quot;&quot;,&quot;left&quot;:&quot;&quot;,&quot;isLinked&quot;:true}}\" data-elementor-post-type=\"page\">\n\t\t\t\t\t\t<section class=\"elementor-section elementor-top-section elementor-element elementor-element-77fa8cf elementor-section-height-min-height elementor-section-boxed elementor-section-height-default elementor-section-items-middle\" data-id=\"77fa8cf\" data-element_type=\"section\" data-e-type=\"section\" data-settings=\"{&quot;background_background&quot;:&quot;classic&quot;}\">\n\t\t\t\t\t\t\t<div class=\"elementor-background-overlay\"><\/div>\n\t\t\t\t\t\t\t<div class=\"elementor-container elementor-column-gap-default\">\n\t\t\t\t\t<div class=\"elementor-column elementor-col-100 elementor-top-column elementor-element elementor-element-3ba4201\" data-id=\"3ba4201\" data-element_type=\"column\" data-e-type=\"column\">\n\t\t\t<div class=\"elementor-widget-wrap elementor-element-populated\">\n\t\t\t\t\t\t<div class=\"elementor-element elementor-element-ec4adb4 elementor-widget elementor-widget-heading\" data-id=\"ec4adb4\" data-element_type=\"widget\" data-e-type=\"widget\" data-widget_type=\"heading.default\">\n\t\t\t\t<div class=\"elementor-widget-container\">\n\t\t\t\t\t<h1 class=\"elementor-heading-title elementor-size-default\">T\u00e9l\u00e9chargez notre application<\/h1>\t\t\t\t<\/div>\n\t\t\t\t<\/div>\n\t\t\t\t\t<\/div>\n\t\t<\/div>\n\t\t\t\t\t<\/div>\n\t\t<\/section>\n\t\t<div class=\"elementor-element elementor-element-78e9b34 e-flex e-con-boxed e-con e-parent\" data-id=\"78e9b34\" data-element_type=\"container\" data-e-type=\"container\" data-settings=\"{&quot;background_background&quot;:&quot;classic&quot;}\">\n\t\t\t\t\t<div class=\"e-con-inner\">\n\t\t<div class=\"elementor-element elementor-element-6ae8757 e-con-full e-flex e-con e-child\" data-id=\"6ae8757\" data-element_type=\"container\" data-e-type=\"container\">\n\t\t\t\t<div class=\"elementor-element elementor-element-af34b3b elementor-invisible elementor-widget elementor-widget-heading\" data-id=\"af34b3b\" data-element_type=\"widget\" data-e-type=\"widget\" data-settings=\"{&quot;_animation&quot;:&quot;fadeIn&quot;}\" data-widget_type=\"heading.default\">\n\t\t\t\t<div class=\"elementor-widget-container\">\n\t\t\t\t\t<h2 class=\"elementor-heading-title elementor-size-default\"><span>Toilettage de luxe.<\/span><span> \u00c0 port\u00e9e de main.<\/span>\n\n<\/h2>\t\t\t\t<\/div>\n\t\t\t\t<\/div>\n\t\t\t\t<div class=\"elementor-element elementor-element-5e64235 elementor-invisible elementor-widget elementor-widget-text-editor\" data-id=\"5e64235\" data-element_type=\"widget\" data-e-type=\"widget\" data-settings=\"{&quot;_animation&quot;:&quot;fadeInUp&quot;}\" data-widget_type=\"text-editor.default\">\n\t\t\t\t<div class=\"elementor-widget-container\">\n\t\t\t\t\t\t\t\t\t<p>Chez King&#039;s Chair Barbershop, nous pensons qu&#039;un soin de beaut\u00e9 exceptionnel doit \u00eatre accessible facilement, \u00e0 tout moment et en tout lieu. C&#039;est pourquoi nous avons con\u00e7u une application mobile performante qui vous permet d&#039;acc\u00e9der \u00e0 nos services premium directement dans votre poche.<\/p>\t\t\t\t\t\t\t\t<\/div>\n\t\t\t\t<\/div>\n\t\t<div class=\"elementor-element elementor-element-bf85e80 e-con-full e-flex e-con e-child\" data-id=\"bf85e80\" data-element_type=\"container\" data-e-type=\"container\">\n\t\t\t\t<div class=\"elementor-element elementor-element-2dd1678 elementor-widget elementor-widget-image\" data-id=\"2dd1678\" data-element_type=\"widget\" data-e-type=\"widget\" data-widget_type=\"image.default\">\n\t\t\t\t<div class=\"elementor-widget-container\">\n\t\t\t\t\t\t\t\t\t\t\t\t\t\t\t\t<a href=\"https:\/\/apps.apple.com\/ca\/app\/kings-chair-barbershop\/id6444199988\" target=\"_blank\" rel=\"noopener\">\n\t\t\t\t\t\t\t<img fetchpriority=\"high\" decoding=\"async\" width=\"640\" height=\"190\" src=\"https:\/\/kingschair.ca\/wp-content\/uploads\/2024\/03\/Download_on_the_App_Store_Badge.svg.png?v=1711079110\" class=\"attachment-large size-large wp-image-6225\" alt=\"\" srcset=\"https:\/\/kingschair.ca\/wp-content\/uploads\/2024\/03\/Download_on_the_App_Store_Badge.svg.png 640w, https:\/\/kingschair.ca\/wp-content\/uploads\/2024\/03\/Download_on_the_App_Store_Badge.svg-300x89.png 300w, https:\/\/kingschair.ca\/wp-content\/uploads\/2024\/03\/Download_on_the_App_Store_Badge.svg-18x5.png 18w\" sizes=\"(max-width: 640px) 100vw, 640px\" \/>\t\t\t\t\t\t\t\t<\/a>\n\t\t\t\t\t\t\t\t\t\t\t\t\t\t\t<\/div>\n\t\t\t\t<\/div>\n\t\t\t\t<div class=\"elementor-element elementor-element-2da736d elementor-widget elementor-widget-image\" data-id=\"2da736d\" data-element_type=\"widget\" data-e-type=\"widget\" data-widget_type=\"image.default\">\n\t\t\t\t<div class=\"elementor-widget-container\">\n\t\t\t\t\t\t\t\t\t\t\t\t\t\t\t\t<a href=\"https:\/\/play.google.com\/store\/apps\/details?id=com.getsquire.squirekingschair&#038;hl=en&#038;gl=US\" target=\"_blank\" rel=\"noopener\">\n\t\t\t\t\t\t\t<img decoding=\"async\" width=\"646\" height=\"250\" src=\"https:\/\/kingschair.ca\/wp-content\/uploads\/2024\/03\/en_badge_web_generic.png?v=1711079108\" class=\"attachment-large size-large wp-image-6224\" alt=\"\" srcset=\"https:\/\/kingschair.ca\/wp-content\/uploads\/2024\/03\/en_badge_web_generic.png 646w, https:\/\/kingschair.ca\/wp-content\/uploads\/2024\/03\/en_badge_web_generic-300x116.png 300w, https:\/\/kingschair.ca\/wp-content\/uploads\/2024\/03\/en_badge_web_generic-18x7.png 18w\" sizes=\"(max-width: 646px) 100vw, 646px\" \/>\t\t\t\t\t\t\t\t<\/a>\n\t\t\t\t\t\t\t\t\t\t\t\t\t\t\t<\/div>\n\t\t\t\t<\/div>\n\t\t\t\t<\/div>\n\t\t\t\t<\/div>\n\t\t\t\t\t<\/div>\n\t\t\t\t<\/div>\n\t\t<div class=\"elementor-element elementor-element-4885fb8 e-flex e-con-boxed e-con e-parent\" data-id=\"4885fb8\" data-element_type=\"container\" data-e-type=\"container\" data-settings=\"{&quot;background_background&quot;:&quot;classic&quot;}\">\n\t\t\t\t\t<div class=\"e-con-inner\">\n\t\t<div class=\"elementor-element elementor-element-79bc7d2 e-con-full e-flex e-con e-child\" data-id=\"79bc7d2\" data-element_type=\"container\" data-e-type=\"container\">\n\t\t\t\t<div class=\"elementor-element elementor-element-cc08f95 elementor-invisible elementor-widget elementor-widget-heading\" data-id=\"cc08f95\" data-element_type=\"widget\" data-e-type=\"widget\" data-settings=\"{&quot;_animation&quot;:&quot;fadeIn&quot;}\" data-widget_type=\"heading.default\">\n\t\t\t\t<div class=\"elementor-widget-container\">\n\t\t\t\t\t<h3 class=\"elementor-heading-title elementor-size-default\"><span>Pourquoi t\u00e9l\u00e9charger l&#039;application King&#039;s Chair ?<\/span>\n\n<\/h3>\t\t\t\t<\/div>\n\t\t\t\t<\/div>\n\t\t\t\t<div class=\"elementor-element elementor-element-bce2d03 elementor-icon-list--layout-traditional elementor-list-item-link-full_width elementor-widget elementor-widget-icon-list\" data-id=\"bce2d03\" data-element_type=\"widget\" data-e-type=\"widget\" data-widget_type=\"icon-list.default\">\n\t\t\t\t<div class=\"elementor-widget-container\">\n\t\t\t\t\t\t\t<ul class=\"elementor-icon-list-items\">\n\t\t\t\t\t\t\t<li class=\"elementor-icon-list-item\">\n\t\t\t\t\t\t\t\t\t\t\t<span class=\"elementor-icon-list-icon\">\n\t\t\t\t\t\t\t<i aria-hidden=\"true\" class=\"fas fa-check\"><\/i>\t\t\t\t\t\t<\/span>\n\t\t\t\t\t\t\t\t\t\t<span class=\"elementor-icon-list-text\"><strong>Prenez rendez-vous en quelques secondes\u00a0:<\/strong> Planifiez facilement votre prochaine coupe de cheveux ou de barbe dans l&#039;un de nos emplacements haut de gamme \u00e0 Mississauga ou \u00e0 Vaughan, directement depuis votre t\u00e9l\u00e9phone.<\/span>\n\t\t\t\t\t\t\t\t\t<\/li>\n\t\t\t\t\t\t\t\t<li class=\"elementor-icon-list-item\">\n\t\t\t\t\t\t\t\t\t\t\t<span class=\"elementor-icon-list-icon\">\n\t\t\t\t\t\t\t<i aria-hidden=\"true\" class=\"fas fa-check\"><\/i>\t\t\t\t\t\t<\/span>\n\t\t\t\t\t\t\t\t\t\t<span class=\"elementor-icon-list-text\"><strong>Offres et promotions exclusives :<\/strong> Soyez le premier inform\u00e9 des offres \u00e0 dur\u00e9e limit\u00e9e, des offres saisonni\u00e8res et des forfaits de toilettage r\u00e9serv\u00e9s aux VIP.<\/span>\n\t\t\t\t\t\t\t\t\t<\/li>\n\t\t\t\t\t\t\t\t<li class=\"elementor-icon-list-item\">\n\t\t\t\t\t\t\t\t\t\t\t<span class=\"elementor-icon-list-icon\">\n\t\t\t\t\t\t\t<i aria-hidden=\"true\" class=\"fas fa-check\"><\/i>\t\t\t\t\t\t<\/span>\n\t\t\t\t\t\t\t\t\t\t<span class=\"elementor-icon-list-text\"><strong>Exp\u00e9rience de r\u00e9servation fluide\u00a0:<\/strong> Choisissez votre coiffeur pr\u00e9f\u00e9r\u00e9, s\u00e9lectionnez votre service et s\u00e9curisez votre cr\u00e9neau horaire en quelques clics.<\/span>\n\t\t\t\t\t\t\t\t\t<\/li>\n\t\t\t\t\t\t\t\t<li class=\"elementor-icon-list-item\">\n\t\t\t\t\t\t\t\t\t\t\t<span class=\"elementor-icon-list-icon\">\n\t\t\t\t\t\t\t<i aria-hidden=\"true\" class=\"fas fa-check\"><\/i>\t\t\t\t\t\t<\/span>\n\t\t\t\t\t\t\t\t\t\t<span class=\"elementor-icon-list-text\"><strong>Restez connect\u00e9 avec votre salon de coiffure :<\/strong> Recevez des rappels de rendez-vous, acc\u00e9dez \u00e0 l&#039;historique de vos visites et g\u00e9rez votre programme de toilettage sans effort.<\/span>\n\t\t\t\t\t\t\t\t\t<\/li>\n\t\t\t\t\t\t\t\t<li class=\"elementor-icon-list-item\">\n\t\t\t\t\t\t\t\t\t\t\t<span class=\"elementor-icon-list-icon\">\n\t\t\t\t\t\t\t<i aria-hidden=\"true\" class=\"fas fa-check\"><\/i>\t\t\t\t\t\t<\/span>\n\t\t\t\t\t\t\t\t\t\t<span class=\"elementor-icon-list-text\"><strong>Le luxe rencontre la commodit\u00e9 :<\/strong> Que vous soyez \u00e0 la maison, au travail ou en d\u00e9placement, notre application garantit que votre prochaine visite \u00e0 King&#039;s Chair est toujours \u00e0 port\u00e9e de clic.<\/span>\n\t\t\t\t\t\t\t\t\t<\/li>\n\t\t\t\t\t\t<\/ul>\n\t\t\t\t\t\t<\/div>\n\t\t\t\t<\/div>\n\t\t<div class=\"elementor-element elementor-element-7ee97c8 e-con-full e-flex e-con e-child\" data-id=\"7ee97c8\" data-element_type=\"container\" data-e-type=\"container\">\n\t\t\t\t<div class=\"elementor-element elementor-element-e5b66e0 elementor-widget elementor-widget-image\" data-id=\"e5b66e0\" data-element_type=\"widget\" data-e-type=\"widget\" data-widget_type=\"image.default\">\n\t\t\t\t<div class=\"elementor-widget-container\">\n\t\t\t\t\t\t\t\t\t\t\t\t\t\t\t\t<a href=\"https:\/\/apps.apple.com\/ca\/app\/kings-chair-barbershop\/id6444199988\" target=\"_blank\" rel=\"noopener\">\n\t\t\t\t\t\t\t<img fetchpriority=\"high\" decoding=\"async\" width=\"640\" height=\"190\" src=\"https:\/\/kingschair.ca\/wp-content\/uploads\/2024\/03\/Download_on_the_App_Store_Badge.svg.png?v=1711079110\" class=\"attachment-large size-large wp-image-6225\" alt=\"\" srcset=\"https:\/\/kingschair.ca\/wp-content\/uploads\/2024\/03\/Download_on_the_App_Store_Badge.svg.png 640w, https:\/\/kingschair.ca\/wp-content\/uploads\/2024\/03\/Download_on_the_App_Store_Badge.svg-300x89.png 300w, https:\/\/kingschair.ca\/wp-content\/uploads\/2024\/03\/Download_on_the_App_Store_Badge.svg-18x5.png 18w\" sizes=\"(max-width: 640px) 100vw, 640px\" \/>\t\t\t\t\t\t\t\t<\/a>\n\t\t\t\t\t\t\t\t\t\t\t\t\t\t\t<\/div>\n\t\t\t\t<\/div>\n\t\t\t\t<div class=\"elementor-element elementor-element-32de835 elementor-widget elementor-widget-image\" data-id=\"32de835\" data-element_type=\"widget\" data-e-type=\"widget\" data-widget_type=\"image.default\">\n\t\t\t\t<div class=\"elementor-widget-container\">\n\t\t\t\t\t\t\t\t\t\t\t\t\t\t\t\t<a href=\"https:\/\/play.google.com\/store\/apps\/details?id=com.getsquire.squirekingschair&#038;hl=en&#038;gl=US\" target=\"_blank\" rel=\"noopener\">\n\t\t\t\t\t\t\t<img decoding=\"async\" width=\"646\" height=\"250\" src=\"https:\/\/kingschair.ca\/wp-content\/uploads\/2024\/03\/en_badge_web_generic.png?v=1711079108\" class=\"attachment-large size-large wp-image-6224\" alt=\"\" srcset=\"https:\/\/kingschair.ca\/wp-content\/uploads\/2024\/03\/en_badge_web_generic.png 646w, https:\/\/kingschair.ca\/wp-content\/uploads\/2024\/03\/en_badge_web_generic-300x116.png 300w, https:\/\/kingschair.ca\/wp-content\/uploads\/2024\/03\/en_badge_web_generic-18x7.png 18w\" sizes=\"(max-width: 646px) 100vw, 646px\" \/>\t\t\t\t\t\t\t\t<\/a>\n\t\t\t\t\t\t\t\t\t\t\t\t\t\t\t<\/div>\n\t\t\t\t<\/div>\n\t\t\t\t<\/div>\n\t\t\t\t<\/div>\n\t\t<div class=\"elementor-element elementor-element-a6bf97a e-con-full e-flex e-con e-child\" data-id=\"a6bf97a\" data-element_type=\"container\" data-e-type=\"container\">\n\t\t\t\t<div class=\"elementor-element elementor-element-9fd3b10 elementor-invisible elementor-widget elementor-widget-image\" data-id=\"9fd3b10\" data-element_type=\"widget\" data-e-type=\"widget\" data-settings=\"{&quot;_animation&quot;:&quot;fadeInRight&quot;}\" data-widget_type=\"image.default\">\n\t\t\t\t<div class=\"elementor-widget-container\">\n\t\t\t\t\t\t\t\t\t\t\t\t\t\t\t<img decoding=\"async\" width=\"1024\" height=\"582\" src=\"https:\/\/kingschair.ca\/wp-content\/uploads\/2025\/06\/kings-chair-app-1024x582.jpg?v=1749368662\" class=\"attachment-large size-large wp-image-7031\" alt=\"\" srcset=\"https:\/\/kingschair.ca\/wp-content\/uploads\/2025\/06\/kings-chair-app-1024x582.jpg 1024w, https:\/\/kingschair.ca\/wp-content\/uploads\/2025\/06\/kings-chair-app-300x171.jpg 300w, https:\/\/kingschair.ca\/wp-content\/uploads\/2025\/06\/kings-chair-app-768x437.jpg 768w, https:\/\/kingschair.ca\/wp-content\/uploads\/2025\/06\/kings-chair-app-1536x873.jpg 1536w, https:\/\/kingschair.ca\/wp-content\/uploads\/2025\/06\/kings-chair-app-2048x1164.jpg 2048w, https:\/\/kingschair.ca\/wp-content\/uploads\/2025\/06\/kings-chair-app-18x10.jpg 18w\" sizes=\"(max-width: 1024px) 100vw, 1024px\" \/>\t\t\t\t\t\t\t\t\t\t\t\t\t\t\t<\/div>\n\t\t\t\t<\/div>\n\t\t\t\t<\/div>\n\t\t\t\t\t<\/div>\n\t\t\t\t<\/div>\n\t\t\t\t<\/div>","protected":false},"excerpt":{"rendered":"<p>T\u00e9l\u00e9chargez notre application\u00a0: un soin de luxe \u00e0 port\u00e9e de main. Chez King&#039;s Chair Barbershop, nous pensons qu&#039;un soin de luxe exceptionnel doit \u00eatre accessible facilement, \u00e0 tout moment et en tout lieu. C&#039;est pourquoi nous avons con\u00e7u une application mobile performante qui vous permet d&#039;acc\u00e9der \u00e0 nos services premium directement dans votre poche. Pourquoi t\u00e9l\u00e9charger l&#039;application King&#039;s Chair\u00a0? Prenez rendez-vous en quelques secondes\u00a0: planifiez facilement votre prochaine coupe\u2026<\/p>","protected":false},"author":1,"featured_media":0,"parent":0,"menu_order":0,"comment_status":"closed","ping_status":"closed","template":"","meta":{"_acf_changed":false,"_kad_post_transparent":"","_kad_post_title":"hide","_kad_post_layout":"fullwidth","_kad_post_sidebar_id":"","_kad_post_content_style":"unboxed","_kad_post_vertical_padding":"hide","_kad_post_feature":"hide","_kad_post_feature_position":"","_kad_post_header":false,"_kad_post_footer":false,"_kad_post_classname":"","footnotes":""},"class_list":["post-6219","page","type-page","status-publish","hentry"],"acf":[],"_links":{"self":[{"href":"https:\/\/kingschair.ca\/fr\/wp-json\/wp\/v2\/pages\/6219","targetHints":{"allow":["GET"]}}],"collection":[{"href":"https:\/\/kingschair.ca\/fr\/wp-json\/wp\/v2\/pages"}],"about":[{"href":"https:\/\/kingschair.ca\/fr\/wp-json\/wp\/v2\/types\/page"}],"author":[{"embeddable":true,"href":"https:\/\/kingschair.ca\/fr\/wp-json\/wp\/v2\/users\/1"}],"replies":[{"embeddable":true,"href":"https:\/\/kingschair.ca\/fr\/wp-json\/wp\/v2\/comments?post=6219"}],"version-history":[{"count":0,"href":"https:\/\/kingschair.ca\/fr\/wp-json\/wp\/v2\/pages\/6219\/revisions"}],"wp:attachment":[{"href":"https:\/\/kingschair.ca\/fr\/wp-json\/wp\/v2\/media?parent=6219"}],"curies":[{"name":"wp","href":"https:\/\/api.w.org\/{rel}","templated":true}]}}